{"id":987,"date":"2019-07-25T19:08:37","date_gmt":"2019-07-25T17:08:37","guid":{"rendered":"https:\/\/the.ericade.net\/?page_id=987"},"modified":"2020-07-28T17:58:55","modified_gmt":"2020-07-28T15:58:55","slug":"vi-som-gjorde-det-mojligt","status":"publish","type":"page","link":"https:\/\/the.ericade.net\/?page_id=987","title":{"rendered":"Vi som gjorde det m\u00f6jligt"},"content":{"rendered":"\n<p>Sysops och Cosysops har varit ett g\u00e4ng som gjort The ERICADE Network en trevlig liten BBS i alltings utkanter.<\/p>\n\n\n\n<h2 class=\"wp-block-heading\">Sysop: Erik Zalitis<\/h2>\n\n\n\n<figure class=\"wp-block-image\"><img decoding=\"async\" data-src=\"https:\/\/the.ericade.net\/wp-content\/uploads\/2019\/06\/ErikStudio.png\" alt=\"\" src=\"data:image\/svg+xml;base64,PHN2ZyB3aWR0aD0iMSIgaGVpZ2h0PSIxIiB4bWxucz0iaHR0cDovL3d3dy53My5vcmcvMjAwMC9zdmciPjwvc3ZnPg==\" class=\"lazyload\" style=\"--smush-placeholder-width: 800px; --smush-placeholder-aspect-ratio: 800\/529;\" \/><\/figure>\n\n\n\n<p>H\u00f6sten 1993 blev denna blivande Sysop biten av modemflugan. Han kom snabbt p\u00e5 att han ville spendera sin tid och sina pengar p\u00e5 att fixa buggar, k\u00f6pa mer datorprylar, br\u00e5ka med anv\u00e4ndare, fixa alla katastrofer anv\u00e4ndarna drog med sig och \u00f6verlag f\u00f6rlora s\u00f6mn och h\u00e5r p\u00e5 att bli en \u00e4kta Sysop. Denna tempor\u00e4ra sinnesf\u00f6rvirring visade sig vara mycket bra f\u00f6r att v\u00e4rlden skulle f\u00e5 \u00e4nnu en BBS som folk kunde ringa och sl\u00f6sa sina telefonpengar p\u00e5. Telia jublade och skrattade hela v\u00e4gen till banken, medan anv\u00e4ndarna hopades i drivor. Sen kom Internet och d\u00e5 brydde sig ingen, men det blev totalt sju \u00e5r som innan en uttr\u00e5kad sysop slutligen drog pluggen ur datorn f\u00f6r att slippa ov\u00e4sendet fr\u00e5n h\u00e5rddisken.<\/p>\n\n\n\n<p>Under tiden som det begav sig var han en st\u00e4ndig ljudtekniker p\u00e5 alla n\u00e4rradioprogram han kunde hitta. Och BBSen hade diskussionsforum f\u00f6r dessa intressen.<\/p>\n\n\n\n<figure class=\"wp-block-image size-large\"><img decoding=\"async\" width=\"648\" height=\"167\" data-src=\"https:\/\/the.ericade.net\/wp-content\/uploads\/2019\/04\/Daemon.png\" alt=\"\" class=\"wp-image-775 lazyload\" data-srcset=\"https:\/\/the.ericade.net\/wp-content\/uploads\/2019\/04\/Daemon.png 648w, https:\/\/the.ericade.net\/wp-content\/uploads\/2019\/04\/Daemon-300x77.png 300w\" data-sizes=\"(max-width: 648px) 100vw, 648px\" src=\"data:image\/svg+xml;base64,PHN2ZyB3aWR0aD0iMSIgaGVpZ2h0PSIxIiB4bWxucz0iaHR0cDovL3d3dy53My5vcmcvMjAwMC9zdmciPjwvc3ZnPg==\" style=\"--smush-placeholder-width: 648px; --smush-placeholder-aspect-ratio: 648\/167;\" \/><figcaption>Mitt gamla handle fr\u00e5n mitten av 1990-talet. De var tider det!<\/figcaption><\/figure>\n\n\n\n<p>Namn: Erik Zalitis<br>Handle: Stripecat, p\u00e5 90-talet var jag k\u00e4nd som Daemon.<br>Medlem i demogrupp: Ej l\u00e4ngre, men under 90-talet var jag med i <a href=\"https:\/\/the.ericade.net\/?page_id=108\">Eternal (ETA)<\/a><br>\u00c5lder: fyrtio\u00e5rs\u00e5ldern. Jobbar p\u00e5 femtio.<br>Yrke: IT-s\u00e4kerhetsspecialist p\u00e5 Nordlo.<br>Intressen: allt som \u00e4r gammalt och \u00f6vergivet av en of\u00f6rst\u00e5ende v\u00e4rld (BBSer, Vinylskivor, Beatles, Amat\u00f6rradio, Storbandsjazz, 60-talsmusik, retrodatorer).<br>Gillar: \u00d6l, katter (dock inte att ge \u00f6l till katter!), gamla datorer, Arexx, IT-s\u00e4kerhet, Powershell, Linux, Whiskey.<br>Ogillar: dumhet, intolerans, modern &#8221;jazz&#8221;.<br>Aktiv: 1993-fortfarande aktiv trots att han borde veta b\u00e4ttre \u00e4n att driva en gammal BBS.<\/p>\n\n\n\n<h2 class=\"wp-block-heading\">De som avslutat sin tj\u00e4nstg\u00f6ring p\u00e5 basen<\/h2>\n\n\n\n<h2 class=\"wp-block-heading\">Cosysop: Peter L\u00f6nnebring<\/h2>\n\n\n\n<p>V\u00e5r f\u00f6rsta &#8221;cossa&#8221; var Peter, en klasskamrat som beg\u00e4rde tj\u00e4nsten som tack f\u00f6r sina m\u00e5nga timmar hj\u00e4lpandes mig att f\u00e5 ig\u00e5ng det tekniska. Var med fram tills sommaren 1994 n\u00e4r vi gick ut ur gymnasiet.<\/p>\n\n\n\n<p>Handle: Capo<br>Medlem i demogrupp: &#8211;<\/p>\n\n\n\n<figure class=\"wp-block-table\"><table><tbody><tr><td>Namn<\/td><td>Inloggningar<\/td><td>L\u00e4st<\/td><td>Skrivet<\/td><\/tr><tr><td>Basen 1993-95:<\/td><\/tr><tr><td>Peter L\u00f6nnebring\/Capo<\/td><td>63<\/td><td>1070<\/td><td>49<\/td><\/tr><\/tbody><\/table><\/figure>\n\n\n\n<p>Aktiv: 1993-94.<\/p>\n\n\n\n<h2 class=\"wp-block-heading\">Cosysop: Mattias Nord<\/h2>\n\n\n\n<figure class=\"wp-block-image\"><img decoding=\"async\" data-src=\"https:\/\/the.ericade.net\/wp-content\/uploads\/2019\/07\/mattiasnord.png\" alt=\"\" src=\"data:image\/svg+xml;base64,PHN2ZyB3aWR0aD0iMSIgaGVpZ2h0PSIxIiB4bWxucz0iaHR0cDovL3d3dy53My5vcmcvMjAwMC9zdmciPjwvc3ZnPg==\" class=\"lazyload\" style=\"--smush-placeholder-width: 578px; --smush-placeholder-aspect-ratio: 578\/800;\" \/><\/figure>\n\n\n\n<p>Mattias blev Cosysop samtidigt med Peter, och kom att eftertr\u00e4da honom. Han var sysop p\u00e5 Mediastation 4000\/1200, raytracare i demogruppen Eternal, n\u00e4rradiopratare p\u00e5 UngRadion och som sagt v\u00e5r Cosysop.<\/p>\n\n\n\n<p>Handle: Im-pose<br>Medlem i demogrupp: <a href=\"https:\/\/the.ericade.net\/?page_id=108\">Eternal<\/a><\/p>\n\n\n\n<figure class=\"wp-block-table\"><table><tbody><tr><td>Namn<\/td><td>Inloggningar<\/td><td>L\u00e4st<\/td><td>Skrivet<\/td><\/tr><tr><td>Basen 1993-95:<\/td><\/tr><tr><td>Mattias Nord<\/td><td>774<\/td><td>8406<\/td><td>1329<\/td><\/tr><tr><td>Basen 1995-96:<\/td><\/tr><tr><td>Mattias Nord #17<\/td><td>271&nbsp;&nbsp;&nbsp;<\/td><td>3518&nbsp;&nbsp;&nbsp;&nbsp;<\/td><td>224<\/td><\/tr><\/tbody><\/table><\/figure>\n\n\n\n<p>Aktiv: 1994-95.<\/p>\n\n\n\n<h2 class=\"wp-block-heading\"><a id=\"pamela\">Cosysop: Pamela Strandberg<\/a><\/h2>\n\n\n\n<figure class=\"wp-block-image\"><img decoding=\"async\" width=\"800\" height=\"471\" data-src=\"https:\/\/the.ericade.net\/wp-content\/uploads\/2019\/10\/pamela3.jpg\" alt=\"\" class=\"wp-image-1187 lazyload\" data-srcset=\"https:\/\/the.ericade.net\/wp-content\/uploads\/2019\/10\/pamela3.jpg 800w, https:\/\/the.ericade.net\/wp-content\/uploads\/2019\/10\/pamela3-300x177.jpg 300w, https:\/\/the.ericade.net\/wp-content\/uploads\/2019\/10\/pamela3-768x452.jpg 768w\" data-sizes=\"(max-width: 800px) 100vw, 800px\" src=\"data:image\/svg+xml;base64,PHN2ZyB3aWR0aD0iMSIgaGVpZ2h0PSIxIiB4bWxucz0iaHR0cDovL3d3dy53My5vcmcvMjAwMC9zdmciPjwvc3ZnPg==\" style=\"--smush-placeholder-width: 800px; --smush-placeholder-aspect-ratio: 800\/471;\" \/><\/figure>\n\n\n\n<p>I slutet av sommaren 1994 tilltr\u00e4dde min d\u00e5varande flickv\u00e4n Pamela som Cosysop. Hon hj\u00e4lpte till att st\u00e4da upp och h\u00f6ja kvalit\u00e9n p\u00e5 texterna, propagera f\u00f6r ost och se till att anv\u00e4ndarna sk\u00f6tte sig. Hon var ocks\u00e5 med och startade RadioUFS 1995. Hon hade inget handle, men kallade sig <a href=\"https:\/\/en.wikipedia.org\/wiki\/J%C3%A1ra_Cimrman\">Jara Cimrman<\/a> i spelet Hack and Slash.<\/p>\n\n\n\n<p>Handle: &#8211;<br>Medlem i demogrupp: &#8211;<\/p>\n\n\n\n<figure class=\"wp-block-table\"><table><tbody><tr><td>Namn<\/td><td>Inloggningar<\/td><td>L\u00e4st<\/td><td>Skrivet<\/td><\/tr><tr><td>Basen 1993-95:<\/td><\/tr><tr><td>Pamela Strandberg<\/td><td>235<\/td><td>13285<\/td><td>599<\/td><\/tr><tr><td>Basen 1995-96:<\/td><\/tr><tr><td>Pamela Strandberg<\/td><td>122&nbsp; &nbsp;<\/td><td>5477&nbsp;<\/td><td>358<\/td><\/tr><\/tbody><\/table><\/figure>\n\n\n\n<p>Aktiv: 1994-96.<\/p>\n\n\n\n<h2 class=\"wp-block-heading\">Tillf\u00f6rordnad Cosysop: Andreas Yannelos<\/h2>\n\n\n\n<p>Andreas var med ett kort tag som cossa n\u00e4r Pamela f\u00f6rsvann f\u00f6r att jag skulle kunna f\u00e5 lite avlastning.<\/p>\n\n\n\n<p>Handle: Ennay<br>Medlem i demogrupp: &#8211;<\/p>\n\n\n\n<figure class=\"wp-block-table\"><table><tbody><tr><td>Namn<\/td><td>Inloggningar<\/td><td>L\u00e4st<\/td><td>Skrivet<\/td><\/tr><tr><td>Basen 1993-95:<\/td><\/tr><tr><td>Andreas Yannelos<\/td><td>&#8211;<\/td><td>&#8211;<\/td><td>&#8211;<\/td><\/tr><tr><td>Basen 1995-96:<\/td><\/tr><tr><td>Andreas Yannelos<\/td><td>55&nbsp; &nbsp;<\/td><td>10034<\/td><td>19<\/td><\/tr><\/tbody><\/table><\/figure>\n\n\n\n<p>Aktiv: 1996.<\/p>\n\n\n\n<h2 class=\"wp-block-heading\">Cosysop: Johan Hanson<\/h2>\n\n\n\n<p>Med oss som cossa mellan 1996 fram till det bittra slutet 2000, var han. Och sk\u00f6tte jobbet galant.<\/p>\n\n\n\n<p>Handle: Misagn<br>Medlem i demogrupp: <a href=\"http:\/\/janeway.exotica.org.uk\/author.php?id=38981\">Evacue<\/a><\/p>\n\n\n\n<figure class=\"wp-block-table\"><table><tbody><tr><td>Namn<\/td><td>Inloggningar<\/td><td>L\u00e4st<\/td><td>Skrivet<\/td><\/tr><tr><td>Basen 1993-95:<\/td><\/tr><tr><td>Johan Hanson<\/td><td>144<\/td><td>6665<\/td><td>211<\/td><\/tr><tr><td>Basen 1995-96:<\/td><\/tr><tr><td>Johan Hanson<\/td><td>138<\/td><td>8436<\/td><td>326<\/td><\/tr><tr><td>Basen 1998-2000:<\/td><\/tr><tr><td>Johan Hanson<\/td><td>123<\/td><td>2023<\/td><td>194<\/td><\/tr><\/tbody><\/table><\/figure>\n\n\n\n<p>Aktiv: 1993-2000<\/p>\n","protected":false},"excerpt":{"rendered":"<p>Sysops och Cosysops har varit ett g\u00e4ng som gjort The ERICADE Network en trevlig liten BBS i alltings utkanter. Sysop: Erik Zalitis H\u00f6sten 1993 blev denna blivande Sysop biten av modemflugan. Han kom snabbt p\u00e5 att han ville spendera sin tid och sina pengar p\u00e5 att fixa buggar, k\u00f6pa mer datorprylar, br\u00e5ka med anv\u00e4ndare, fixa&hellip; <a class=\"more-link\" href=\"https:\/\/the.ericade.net\/?page_id=987\">Forts\u00e4tt l\u00e4sa <span class=\"screen-reader-text\">Vi som gjorde det m\u00f6jligt<\/span><\/a><\/p>\n","protected":false},"author":1,"featured_media":0,"parent":0,"menu_order":0,"comment_status":"closed","ping_status":"closed","template":"","meta":{"jetpack_post_was_ever_published":false,"footnotes":""},"class_list":["post-987","page","type-page","status-publish","hentry","entry"],"jetpack_sharing_enabled":true,"jetpack_shortlink":"https:\/\/wp.me\/PaX1Ep-fV","_links":{"self":[{"href":"https:\/\/the.ericade.net\/index.php?rest_route=\/wp\/v2\/pages\/987","targetHints":{"allow":["GET"]}}],"collection":[{"href":"https:\/\/the.ericade.net\/index.php?rest_route=\/wp\/v2\/pages"}],"about":[{"href":"https:\/\/the.ericade.net\/index.php?rest_route=\/wp\/v2\/types\/page"}],"author":[{"embeddable":true,"href":"https:\/\/the.ericade.net\/index.php?rest_route=\/wp\/v2\/users\/1"}],"replies":[{"embeddable":true,"href":"https:\/\/the.ericade.net\/index.php?rest_route=%2Fwp%2Fv2%2Fcomments&post=987"}],"version-history":[{"count":50,"href":"https:\/\/the.ericade.net\/index.php?rest_route=\/wp\/v2\/pages\/987\/revisions"}],"predecessor-version":[{"id":1460,"href":"https:\/\/the.ericade.net\/index.php?rest_route=\/wp\/v2\/pages\/987\/revisions\/1460"}],"wp:attachment":[{"href":"https:\/\/the.ericade.net\/index.php?rest_route=%2Fwp%2Fv2%2Fmedia&parent=987"}],"curies":[{"name":"wp","href":"https:\/\/api.w.org\/{rel}","templated":true}]}}