{"id":17,"date":"2018-12-25T11:18:41","date_gmt":"2018-12-25T10:18:41","guid":{"rendered":"https:\/\/the.ericade.net\/?page_id=17"},"modified":"2019-09-10T09:52:14","modified_gmt":"2019-09-10T07:52:14","slug":"hur-man-kopplar-upp","status":"publish","type":"page","link":"https:\/\/the.ericade.net\/?page_id=17","title":{"rendered":"Hur man kopplar upp"},"content":{"rendered":"\n<p>Hemsidor \u00e4r enkla. Det \u00e4r bara att skriva in en adress i webbl\u00e4saren och sen sk\u00f6ter sig resten av sig sj\u00e4lvt. Att koppla upp mot en BBS med hj\u00e4lp av telnet eller SSH \u00e4r lite mer jobb, men det borde inte vara allt f\u00f6r sv\u00e5rt. H\u00e4r \u00e4r hur det g\u00e5r till.<\/p>\n\n\n\n<h1 class=\"wp-block-heading\">Windows<\/h1>\n\n\n\n<p>Om du har Windows 10 build 1803 eller senare, \u00e4r det superenkelt. D\u00e5 finns en anv\u00e4ndbar SSH-klient att k\u00f6ra inbyggd och klar. Du \u00f6ppnar bara en kommandoprompt och skriver:<\/p>\n\n\n\n<p>ssh bbs@the.ericade.net<\/p>\n\n\n\n<p>Acceptera den publika nyckeln och skriv in l\u00f6senordet &#8221;bbs&#8221; (utan &#8221;&#8221;). Klart!<\/p>\n\n\n\n<figure class=\"wp-block-image\"><img decoding=\"async\" data-src=\"https:\/\/the.ericade.net\/wp-content\/uploads\/2018\/12\/Putty_ssh-300x96.png\" alt=\"\" src=\"data:image\/svg+xml;base64,PHN2ZyB3aWR0aD0iMSIgaGVpZ2h0PSIxIiB4bWxucz0iaHR0cDovL3d3dy53My5vcmcvMjAwMC9zdmciPjwvc3ZnPg==\" class=\"lazyload\" style=\"--smush-placeholder-width: 300px; --smush-placeholder-aspect-ratio: 300\/96;\" \/><\/figure>\n\n\n\n<p>Har du en \u00e4ldre version av Windows, g\u00e5r det att ladda ner gratisverktyget Putty <a href=\"https:\/\/www.chiark.greenend.org.uk\/~sgtatham\/putty\/latest.html\">h\u00e4r<\/a>. Sen s\u00e4tter du upp den enligt:<br><br><br><br>Vill du k\u00f6ra telnet, m\u00e5ste du g\u00e5 in i kommandoprompten och l\u00e4gga till komponenten &#8221;telnet client&#8221;. Sedan kan du g\u00e5 in i kommandoprompten och skriva:<br><br>telnet the.ericade.net<br><br>Sv\u00e5rare \u00e4n s\u00e5 \u00e4r det inte. Kom ih\u00e5g att telnet \u00e4r i klartext. Vem som helst som avlyssnar din f\u00f6rbindelse kan se ditt l\u00f6senord.<\/p>\n\n\n\n<p>N\u00e4r du sedan kommer in i basen, k\u00f6r kommandot &#8221;byt tecken&#8221; och v\u00e4lj UTF8. Nu kommer allting fungera bra.<\/p>\n\n\n\n<h1 class=\"wp-block-heading\">Linux<\/h1>\n\n\n\n<p>Linux \u00e4r mycket enkelt att anv\u00e4nda. D\u00e4r finns redan verktygen som du beh\u00f6ver klara att anv\u00e4nda.<\/p>\n\n\n\n<p>Du \u00f6ppnar bara en kommandoprompt och skriver:<\/p>\n\n\n\n<p>ssh bbs@the.ericade.net<\/p>\n\n\n\n<p>Acceptera den publika nyckeln och skriv in l\u00f6senordet &#8221;bbs&#8221; (utan &#8221;&#8221;). Klart!<\/p>\n\n\n\n<p>F\u00f6r att k\u00f6ra telnet \u00e4r det bara att \u00f6ppna kommandoprompten och skriva:<\/p>\n\n\n\n<p>telnet the.ericade.net<\/p>\n\n\n\n<p>Sv\u00e5rare \u00e4n s\u00e5 \u00e4r det inte. Kom ih\u00e5g att telnet \u00e4r i klartext. Vem som helst som avlyssnar din f\u00f6rbindelse kan se ditt l\u00f6senord.<\/p>\n\n\n\n<p>N\u00e4r du sedan kommer in i basen, k\u00f6r kommandot &#8221;byt tecken&#8221; och v\u00e4lj UTF8. Nu kommer allting fungera bra.<\/p>\n\n\n\n<h1 class=\"wp-block-heading\">Amiga<\/h1>\n\n\n\n<p>De flesta moderna operativsystem har redan allting som du beh\u00f6ver f\u00f6r att kunna koppla upp. Detta g\u00e4ller tyv\u00e4rr inte Amigan. Det \u00e4r dock m\u00f6jligt att f\u00e5 ig\u00e5ng sin gamla Amiga p\u00e5 n\u00e4tet. Exakt hur man g\u00f6r tar f\u00f6r l\u00e5ng tid att beskriva h\u00e4r, men jag kan ge dig n\u00e5gra tips. Har du en A1200 eller en A600, kan du k\u00f6pa ett paket med ett n\u00e4tverkskort <a href=\"http:\/\/amigakit.amiga.store\/product_info.php?products_id=116\">h\u00e4r<\/a>. Detta paket inneh\u00e5ller en vettig TCP\/IP-stack (AmiTCP).<\/p>\n\n\n\n<p>N\u00e4r du har detta installerat kan du \u00f6ppna en kommandoprompt och skriva<\/p>\n\n\n\n<p>telnet the.ericade.net<\/p>\n\n\n\n<p>Enkelt och bra. Men det finns ett s\u00e4tt att komma tillbaka till den gamla goda tiden fast \u00e4nd\u00e5 inte. B\u00f6rja med att ladda ner och installera programmet <a href=\"http:\/\/aminet.net\/search?query=telser\">telser fr\u00e5n Aminet<\/a>. N\u00e4r detta \u00e4r installerat, kan du ladda ner <a href=\"http:\/\/aminet.net\/search?query=ncomm%203\">Ncomm ocks\u00e5 fr\u00e5n Aminet<\/a>. F\u00e5r du ig\u00e5ng allt detta kan du enkelt starta Ncomm och skriva f\u00f6ljande i programmets f\u00f6nster:<\/p>\n\n\n\n<p>atdt the.ericade.net,23<\/p>\n\n\n\n<p>Sv\u00e5rare \u00e4n s\u00e5 \u00e4r det inte. Kom ih\u00e5g att telnet \u00e4r i klartext. Vem som helst som avlyssnar din f\u00f6rbindelse kan se ditt l\u00f6senord.<\/p>\n\n\n\n<p>N\u00e4r du sedan kommer in i basen, k\u00f6r kommandot &#8221;byt tecken&#8221; och v\u00e4lj &#8221;1: ISO 8859-1 (ISO Latin 1)&#8221;. Nu kommer allting fungera bra.<\/p>\n\n\n\n<figure class=\"wp-block-image\"><img decoding=\"async\" data-src=\"https:\/\/the.ericade.net\/wp-content\/uploads\/2018\/12\/Login-1024x554.png\" alt=\"\" src=\"data:image\/svg+xml;base64,PHN2ZyB3aWR0aD0iMSIgaGVpZ2h0PSIxIiB4bWxucz0iaHR0cDovL3d3dy53My5vcmcvMjAwMC9zdmciPjwvc3ZnPg==\" class=\"lazyload\" style=\"--smush-placeholder-width: 1024px; --smush-placeholder-aspect-ratio: 1024\/554;\" \/><\/figure>\n\n\n\n<p>Enjoy the ride!<\/p>\n","protected":false},"excerpt":{"rendered":"<p>Hemsidor \u00e4r enkla. Det \u00e4r bara att skriva in en adress i webbl\u00e4saren och sen sk\u00f6ter sig resten av sig sj\u00e4lvt. Att koppla upp mot en BBS med hj\u00e4lp av telnet eller SSH \u00e4r lite mer jobb, men det borde inte vara allt f\u00f6r sv\u00e5rt. H\u00e4r \u00e4r hur det g\u00e5r till. Windows Om du har&hellip; <a class=\"more-link\" href=\"https:\/\/the.ericade.net\/?page_id=17\">Forts\u00e4tt l\u00e4sa <span class=\"screen-reader-text\">Hur man kopplar upp<\/span><\/a><\/p>\n","protected":false},"author":1,"featured_media":0,"parent":0,"menu_order":0,"comment_status":"closed","ping_status":"closed","template":"","meta":{"jetpack_post_was_ever_published":false,"footnotes":""},"class_list":["post-17","page","type-page","status-publish","hentry","entry"],"jetpack_sharing_enabled":true,"jetpack_shortlink":"https:\/\/wp.me\/PaX1Ep-h","_links":{"self":[{"href":"https:\/\/the.ericade.net\/index.php?rest_route=\/wp\/v2\/pages\/17","targetHints":{"allow":["GET"]}}],"collection":[{"href":"https:\/\/the.ericade.net\/index.php?rest_route=\/wp\/v2\/pages"}],"about":[{"href":"https:\/\/the.ericade.net\/index.php?rest_route=\/wp\/v2\/types\/page"}],"author":[{"embeddable":true,"href":"https:\/\/the.ericade.net\/index.php?rest_route=\/wp\/v2\/users\/1"}],"replies":[{"embeddable":true,"href":"https:\/\/the.ericade.net\/index.php?rest_route=%2Fwp%2Fv2%2Fcomments&post=17"}],"version-history":[{"count":14,"href":"https:\/\/the.ericade.net\/index.php?rest_route=\/wp\/v2\/pages\/17\/revisions"}],"predecessor-version":[{"id":1137,"href":"https:\/\/the.ericade.net\/index.php?rest_route=\/wp\/v2\/pages\/17\/revisions\/1137"}],"wp:attachment":[{"href":"https:\/\/the.ericade.net\/index.php?rest_route=%2Fwp%2Fv2%2Fmedia&parent=17"}],"curies":[{"name":"wp","href":"https:\/\/api.w.org\/{rel}","templated":true}]}}