{"id":14,"date":"2018-12-25T11:18:40","date_gmt":"2018-12-25T10:18:40","guid":{"rendered":"https:\/\/the.ericade.net\/?page_id=14"},"modified":"2019-09-10T09:52:34","modified_gmt":"2019-09-10T07:52:34","slug":"om-the-ericade-network","status":"publish","type":"page","link":"https:\/\/the.ericade.net\/?page_id=14","title":{"rendered":"Om The ERICADE Network"},"content":{"rendered":"\n<figure class=\"wp-block-image\"><img decoding=\"async\" data-src=\"https:\/\/the.ericade.net\/wp-content\/uploads\/2019\/09\/sNk-Eric.png\" alt=\"\" src=\"data:image\/svg+xml;base64,PHN2ZyB3aWR0aD0iMSIgaGVpZ2h0PSIxIiB4bWxucz0iaHR0cDovL3d3dy53My5vcmcvMjAwMC9zdmciPjwvc3ZnPg==\" class=\"lazyload\" style=\"--smush-placeholder-width: 636px; --smush-placeholder-aspect-ratio: 636\/416;\" \/><\/figure>\n\n\n\n<p>The ERICADE Network \u00e4r en BBS, vilket \u00e4r en f\u00f6rkortning f\u00f6r &#8221;Bulletin board system&#8221;. T\u00e4nk dig en tidskapsel av 1990-tals teknologi som k\u00f6r p\u00e5 en emulerad Commodore Amiga. Det vill s\u00e4ga en dator fr\u00e5n 1980- och 1990-talet.<\/p>\n\n\n\n<p>Vad kan man g\u00f6ra med en BBS? Du kan koppla upp mot den med hj\u00e4lp av SSH eller telnet och diskutera med andra i v\u00e5ra forum och insupa en bit av tiden f\u00f6re Internet.<\/p>\n\n\n\n<p>P\u00e5 90-talets f\u00f6rsta h\u00e4lft hade n\u00e4mligen inte Internet blivit var mans egendom, utan man satt med datorer som kopplats in p\u00e5 telefonn\u00e4tet och ringde upp varandras datorer.<\/p>\n\n\n\n<p>The ERICADE Network startades 1993, men legat i dvala under m\u00e5nga \u00e5r. I sin nuvarande tappning \u00e4r den hemvist f\u00f6r ett antal tappra sj\u00e4lar som inte n\u00f6jer sig med att gl\u00f6mma sitt f\u00f6rflutna.<\/p>\n\n\n\n<p><a href=\"http:\/\/the.ericade.net\/?page_id=16\">H\u00e4r finns hela v\u00e5r historia<\/a>.<\/p>\n\n\n\n<p>Och nedan \u00e4r den tekniska bulletinen, tagen direkt fr\u00e5n basen:<\/p>\n\n\n\n<p>Tekniska data fr\u00e5n 2018<\/p>\n\n\n\n<p>The ERICADE Network BBS k\u00f6rs p\u00e5 Nikom 2.4.1.<br>Datorn heter &#8221;Jezebel 3&#8221;.<\/p>\n\n\n\n<p>Datorn \u00e4r:<br>En emulerad (FS-UAE) Amiga 1200 med 11 Meg internminne varav&nbsp;2 MB CHIP. Processorn som \u00e4r emulerad \u00e4r en 68030 utan FPU.&nbsp;H\u00e5rdiskarna \u00e4r en 100 MB stor h\u00e5rddiskfil och en 1 GB stor h\u00e5rddiskfil.&nbsp;Virtualiseringsv\u00e4rden \u00e4r en Intel NUC Pentium I5 med \u00e5tta GB Minne och&nbsp;en 250 GB SSD h\u00e5rddisk. V\u00e4rden k\u00f6r Ubuntu Linux 18.04 64bitars.<\/p>\n\n\n\n<p>Tidigare tekniska data fr\u00e5n 1998:<\/p>\n\n\n\n<p>The ERICADE Network BBS k\u00f6rdes p\u00e5 Nikom 1.60&nbsp;Datorn hette &#8221;Jezebel&#8221;&#8221;, d\u00f6pt efter kung Ahabs gem\u00e5l.&nbsp;Hon d\u00f6dades enligt bibeln runt 843 f.k. av Jehu, som&nbsp;beordrade hennes vakter att sl\u00e4nga ut henne fr\u00e5n ett&nbsp;f\u00f6nster. (Referens: Gamla testamentet &#8221;kungab\u00f6ckerna&#8221; I-II)<\/p>\n\n\n\n<p>Datorn var en:<br>AMIGA 1200 6 Meg intern minne varav<br>2 Mb CHIP. Processor MC68EC20 14 \/ 28 Mhz. System&#8230;<br>The ERICADE Network l\u00e5g p\u00e5 en 540 Megabyte FFS formaterad IDE H\u00e5rddisk.<\/p>\n\n\n\n<p>Alla filer lades d\u00e4r.<br>L\u00e4sning av filer som inte direkt finns i Nikom sker antingen&nbsp;med &#8221;ExtCom&#8221; eller Runfifo: principen. Runfifo anv\u00e4nds f\u00f6r att starta&nbsp;k\u00f6rbara program fr\u00e5n ett kommando. Extcom \u00e4r special designade kommandon&nbsp;f\u00f6r att hantera olika saker. T.ex. har vi tv\u00e5 s\u00e4tt att k\u00f6ra externa program<\/p>\n\n\n\n<p>1) Indirekt<\/p>\n\n\n\n<p>I fr\u00e5n filen Extcomm####.nik (d\u00e4r #### \u00e4r ett nummer) laddas en annan fil.&nbsp;Exempel: Hack and Slash laddas av ett kommando som skriver ut &#8221;laddar&nbsp;hack and slash&#8221;<\/p>\n\n\n\n<p>2) Direkt<\/p>\n\n\n\n<p>Filen Extcomm####.nik \u00e4r den arexx fil som \u00e4r ett kommando. Ex.&nbsp;R\u00f6sta \u00e4r skrivet i .Arexx och k\u00f6rs direkt under nikom.<\/p>\n\n\n\n<p>Configuration:<\/p>\n\n\n\n<p>DTE&lt;-&gt;DCE .. 57600 BPS Locked<\/p>\n\n\n\n<p>&#8221;Modemet&#8221; 2018:<\/p>\n\n\n\n<p>Allting k\u00f6rs via telnet\/ssh. Serieenheten \u00e4r programmet telnetd som&nbsp;s\u00e4tter upp en telnetport som lyssnar p\u00e5 virtualiseringsv\u00e4rden. Denna v\u00e4rd&nbsp;har ytterligare en telnet-port som k\u00f6r ett skript skrivet av&nbsp;Niklas Lindholm som kollar att man inte \u00e4r en &#8221;bot&#8221;.&nbsp;SSH sker med forcerat telnet mot den porten som telnetd har \u00f6ppen.<\/p>\n\n\n\n<p>Modemet runt 1998:<\/p>\n\n\n\n<p>Modemet &#8221;PowerBit IX34ED &#8221;Heavy Duty&#8221; klarar hastigheter upp till 28800 bps.&nbsp;V42 och v42&#8243; st\u00f6ds ocks\u00e5 b\u00e5de V34 och V.FastClass<\/p>\n\n\n\n<p>Dator:<\/p>\n\n\n\n<p>Datorn kontrollerar svaret direkt. M.a.o. anv\u00e4nds inte &#8221;Autoanswer&#8221;.&nbsp;Z-modem anv\u00e4nds f\u00f6r \u00f6verf\u00f6ringar av filer.<\/p>\n","protected":false},"excerpt":{"rendered":"<p>The ERICADE Network \u00e4r en BBS, vilket \u00e4r en f\u00f6rkortning f\u00f6r &#8221;Bulletin board system&#8221;. T\u00e4nk dig en tidskapsel av 1990-tals teknologi som k\u00f6r p\u00e5 en emulerad Commodore Amiga. Det vill s\u00e4ga en dator fr\u00e5n 1980- och 1990-talet. Vad kan man g\u00f6ra med en BBS? Du kan koppla upp mot den med hj\u00e4lp av SSH eller&hellip; <a class=\"more-link\" href=\"https:\/\/the.ericade.net\/?page_id=14\">Forts\u00e4tt l\u00e4sa <span class=\"screen-reader-text\">Om The ERICADE Network<\/span><\/a><\/p>\n","protected":false},"author":1,"featured_media":0,"parent":0,"menu_order":0,"comment_status":"closed","ping_status":"closed","template":"","meta":{"jetpack_post_was_ever_published":false,"footnotes":""},"class_list":["post-14","page","type-page","status-publish","hentry","entry"],"jetpack_sharing_enabled":true,"jetpack_shortlink":"https:\/\/wp.me\/PaX1Ep-e","_links":{"self":[{"href":"https:\/\/the.ericade.net\/index.php?rest_route=\/wp\/v2\/pages\/14","targetHints":{"allow":["GET"]}}],"collection":[{"href":"https:\/\/the.ericade.net\/index.php?rest_route=\/wp\/v2\/pages"}],"about":[{"href":"https:\/\/the.ericade.net\/index.php?rest_route=\/wp\/v2\/types\/page"}],"author":[{"embeddable":true,"href":"https:\/\/the.ericade.net\/index.php?rest_route=\/wp\/v2\/users\/1"}],"replies":[{"embeddable":true,"href":"https:\/\/the.ericade.net\/index.php?rest_route=%2Fwp%2Fv2%2Fcomments&post=14"}],"version-history":[{"count":19,"href":"https:\/\/the.ericade.net\/index.php?rest_route=\/wp\/v2\/pages\/14\/revisions"}],"predecessor-version":[{"id":1139,"href":"https:\/\/the.ericade.net\/index.php?rest_route=\/wp\/v2\/pages\/14\/revisions\/1139"}],"wp:attachment":[{"href":"https:\/\/the.ericade.net\/index.php?rest_route=%2Fwp%2Fv2%2Fmedia&parent=14"}],"curies":[{"name":"wp","href":"https:\/\/api.w.org\/{rel}","templated":true}]}}